{"id":5664,"date":"2025-05-12T15:54:21","date_gmt":"2025-05-12T20:54:21","guid":{"rendered":"https:\/\/www.fundecafe.com\/?page_id=5664"},"modified":"2025-06-18T15:59:11","modified_gmt":"2025-06-18T20:59:11","slug":"objetivos-de-desarrollo-sostenible","status":"publish","type":"page","link":"https:\/\/www.fundecafe.com\/index.php\/la-fundacion\/objetivos-de-desarrollo-sostenible\/","title":{"rendered":"Objetivos de Desarrollo Sostenible"},"content":{"rendered":"\t\t<div data-elementor-type=\"wp-page\" data-elementor-id=\"5664\" class=\"elementor elementor-5664\">\n\t\t\t\t\t\t<div class=\"elementor-inner\">\n\t\t\t\t<div class=\"elementor-section-wrap\">\n\t\t\t\t\t\t\t\t\t<section class=\"elementor-section elementor-top-section elementor-element elementor-element-1204d0a elementor-section-boxed elementor-section-height-default elementor-section-height-default\" data-id=\"1204d0a\" data-element_type=\"section\">\n\t\t\t\t\t\t<div class=\"elementor-container elementor-column-gap-default\">\n\t\t\t\t\t\t\t<div class=\"elementor-row\">\n\t\t\t\t\t<div class=\"elementor-column elementor-col-100 elementor-top-column elementor-element elementor-element-e7e9f36\" data-id=\"e7e9f36\" data-element_type=\"column\">\n\t\t\t<div class=\"elementor-column-wrap elementor-element-populated\">\n\t\t\t\t\t\t\t<div class=\"elementor-widget-wrap\">\n\t\t\t\t\t\t<div class=\"elementor-element elementor-element-0c793ff elementor-widget elementor-widget-spacer\" data-id=\"0c793ff\" data-element_type=\"widget\" data-widget_type=\"spacer.default\">\n\t\t\t\t<div class=\"elementor-widget-container\">\n\t\t\t\t\t<div class=\"elementor-spacer\">\n\t\t\t<div class=\"elementor-spacer-inner\"><\/div>\n\t\t<\/div>\n\t\t\t\t<\/div>\n\t\t\t\t<\/div>\n\t\t\t\t\t\t<\/div>\n\t\t\t\t\t<\/div>\n\t\t<\/div>\n\t\t\t\t\t\t\t\t<\/div>\n\t\t\t\t\t<\/div>\n\t\t<\/section>\n\t\t\t\t<section class=\"elementor-section elementor-top-section elementor-element elementor-element-b4a560f elementor-section-full_width elementor-section-height-default elementor-section-height-default elementor-invisible\" data-id=\"b4a560f\" data-element_type=\"section\" data-settings=\"{&quot;animation&quot;:&quot;fadeInDown&quot;}\">\n\t\t\t\t\t\t<div class=\"elementor-container elementor-column-gap-default\">\n\t\t\t\t\t\t\t<div class=\"elementor-row\">\n\t\t\t\t\t<div class=\"elementor-column elementor-col-100 elementor-top-column elementor-element elementor-element-3b3f063\" data-id=\"3b3f063\" data-element_type=\"column\">\n\t\t\t<div class=\"elementor-column-wrap elementor-element-populated\">\n\t\t\t\t\t\t\t<div class=\"elementor-widget-wrap\">\n\t\t\t\t\t\t<div class=\"elementor-element elementor-element-3ea0930 elementor-widget elementor-widget-image\" data-id=\"3ea0930\" data-element_type=\"widget\" data-widget_type=\"image.default\">\n\t\t\t\t<div class=\"elementor-widget-container\">\n\t\t\t\t\t\t\t\t<div class=\"elementor-image\">\n\t\t\t\t\t\t\t\t\t\t\t\t<img loading=\"lazy\" decoding=\"async\" width=\"750\" height=\"89\" src=\"https:\/\/www.fundecafe.com\/wp-content\/uploads\/2025\/05\/objetivoDesarrolloSostenible1-768x91.png\" class=\"attachment-medium_large size-medium_large wp-image-5807\" alt=\"\" srcset=\"https:\/\/www.fundecafe.com\/wp-content\/uploads\/2025\/05\/objetivoDesarrolloSostenible1-768x91.png 768w, https:\/\/www.fundecafe.com\/wp-content\/uploads\/2025\/05\/objetivoDesarrolloSostenible1-300x36.png 300w, https:\/\/www.fundecafe.com\/wp-content\/uploads\/2025\/05\/objetivoDesarrolloSostenible1-1024x122.png 1024w, https:\/\/www.fundecafe.com\/wp-content\/uploads\/2025\/05\/objetivoDesarrolloSostenible1-1536x183.png 1536w, https:\/\/www.fundecafe.com\/wp-content\/uploads\/2025\/05\/objetivoDesarrolloSostenible1.png 1683w\" sizes=\"auto, (max-width: 750px) 100vw, 750px\" \/>\t\t\t\t\t\t\t\t\t\t\t\t\t\t<\/div>\n\t\t\t\t\t\t<\/div>\n\t\t\t\t<\/div>\n\t\t\t\t\t\t<\/div>\n\t\t\t\t\t<\/div>\n\t\t<\/div>\n\t\t\t\t\t\t\t\t<\/div>\n\t\t\t\t\t<\/div>\n\t\t<\/section>\n\t\t\t\t<section class=\"elementor-section elementor-top-section elementor-element elementor-element-fe73a45 elementor-section-boxed elementor-section-height-default elementor-section-height-default\" data-id=\"fe73a45\" data-element_type=\"section\">\n\t\t\t\t\t\t<div class=\"elementor-container elementor-column-gap-default\">\n\t\t\t\t\t\t\t<div class=\"elementor-row\">\n\t\t\t\t\t<div class=\"elementor-column elementor-col-50 elementor-top-column elementor-element elementor-element-8d53cbc\" data-id=\"8d53cbc\" data-element_type=\"column\">\n\t\t\t<div class=\"elementor-column-wrap elementor-element-populated\">\n\t\t\t\t\t\t\t<div class=\"elementor-widget-wrap\">\n\t\t\t\t\t\t<div class=\"elementor-element elementor-element-479f29c elementor-invisible elementor-widget elementor-widget-text-editor\" data-id=\"479f29c\" data-element_type=\"widget\" data-settings=\"{&quot;_animation&quot;:&quot;fadeInLeft&quot;}\" data-widget_type=\"text-editor.default\">\n\t\t\t\t<div class=\"elementor-widget-container\">\n\t\t\t\t\t\t\t\t<div class=\"elementor-text-editor elementor-clearfix\">\n\t\t\t\t<p>Desde la Fundaci\u00f3n para el Desarrollo Cafetero y Agropecuario &#8211; FUNDECAF\u00c9, estamos comprometidos con el desarrollo sostenible. Por eso, a trav\u00e9s de la ejecuci\u00f3n de nuestros programas y proyectos de gesti\u00f3n, contribuimos activamente al cumplimiento de nueve (9) Objetivos de Desarrollo Sostenible (ODS) establecidos por la Organizaci\u00f3n de las Naciones Unidas (ONU).<\/p><p data-start=\"106\" data-end=\"470\"><\/p><p data-start=\"472\" data-end=\"941\">Nuestras acciones est\u00e1n orientadas a generar un impacto positivo en las comunidades rurales, promoviendo pr\u00e1cticas agr\u00edcolas responsables, fortaleciendo capacidades locales, impulsando la equidad de g\u00e9nero, fomentando el acceso a la educaci\u00f3n, garantizando la seguridad alimentaria y la conservaci\u00f3n del medio ambiente. De esta manera, trabajamos d\u00eda a d\u00eda para construir un futuro m\u00e1s justo, inclusivo y resiliente para las familias cafeteras y agropecuarias del pa\u00eds.<\/p>\t\t\t\t\t<\/div>\n\t\t\t\t\t\t<\/div>\n\t\t\t\t<\/div>\n\t\t\t\t\t\t<\/div>\n\t\t\t\t\t<\/div>\n\t\t<\/div>\n\t\t\t\t<div class=\"elementor-column elementor-col-50 elementor-top-column elementor-element elementor-element-64ac9ef\" data-id=\"64ac9ef\" data-element_type=\"column\">\n\t\t\t<div class=\"elementor-column-wrap elementor-element-populated\">\n\t\t\t\t\t\t\t<div class=\"elementor-widget-wrap\">\n\t\t\t\t\t\t<div class=\"elementor-element elementor-element-5f4d92d elementor-invisible elementor-widget elementor-widget-image\" data-id=\"5f4d92d\" data-element_type=\"widget\" data-settings=\"{&quot;_animation&quot;:&quot;fadeInRight&quot;}\" data-widget_type=\"image.default\">\n\t\t\t\t<div class=\"elementor-widget-container\">\n\t\t\t\t\t\t\t\t<div class=\"elementor-image\">\n\t\t\t\t\t\t\t\t\t\t\t\t<img loading=\"lazy\" decoding=\"async\" width=\"750\" height=\"750\" src=\"https:\/\/www.fundecafe.com\/wp-content\/uploads\/2025\/05\/objetivoDesarrolloSostenible-1024x1024.png\" class=\"attachment-large size-large wp-image-5820\" alt=\"\" srcset=\"https:\/\/www.fundecafe.com\/wp-content\/uploads\/2025\/05\/objetivoDesarrolloSostenible-1024x1024.png 1024w, https:\/\/www.fundecafe.com\/wp-content\/uploads\/2025\/05\/objetivoDesarrolloSostenible-300x300.png 300w, https:\/\/www.fundecafe.com\/wp-content\/uploads\/2025\/05\/objetivoDesarrolloSostenible-150x150.png 150w, https:\/\/www.fundecafe.com\/wp-content\/uploads\/2025\/05\/objetivoDesarrolloSostenible-768x768.png 768w, https:\/\/www.fundecafe.com\/wp-content\/uploads\/2025\/05\/objetivoDesarrolloSostenible.png 1200w\" sizes=\"auto, (max-width: 750px) 100vw, 750px\" \/>\t\t\t\t\t\t\t\t\t\t\t\t\t\t<\/div>\n\t\t\t\t\t\t<\/div>\n\t\t\t\t<\/div>\n\t\t\t\t\t\t<\/div>\n\t\t\t\t\t<\/div>\n\t\t<\/div>\n\t\t\t\t\t\t\t\t<\/div>\n\t\t\t\t\t<\/div>\n\t\t<\/section>\n\t\t\t\t<section class=\"elementor-section elementor-top-section elementor-element elementor-element-6668dbb elementor-section-boxed elementor-section-height-default elementor-section-height-default\" data-id=\"6668dbb\" data-element_type=\"section\">\n\t\t\t\t\t\t<div class=\"elementor-container elementor-column-gap-default\">\n\t\t\t\t\t\t\t<div class=\"elementor-row\">\n\t\t\t\t\t<div class=\"elementor-column elementor-col-100 elementor-top-column elementor-element elementor-element-3ee8af9\" data-id=\"3ee8af9\" data-element_type=\"column\">\n\t\t\t<div class=\"elementor-column-wrap elementor-element-populated\">\n\t\t\t\t\t\t\t<div class=\"elementor-widget-wrap\">\n\t\t\t\t\t\t<div class=\"elementor-element elementor-element-f0e50d5 elementor-widget elementor-widget-spacer\" data-id=\"f0e50d5\" data-element_type=\"widget\" data-widget_type=\"spacer.default\">\n\t\t\t\t<div class=\"elementor-widget-container\">\n\t\t\t\t\t<div class=\"elementor-spacer\">\n\t\t\t<div class=\"elementor-spacer-inner\"><\/div>\n\t\t<\/div>\n\t\t\t\t<\/div>\n\t\t\t\t<\/div>\n\t\t\t\t\t\t<\/div>\n\t\t\t\t\t<\/div>\n\t\t<\/div>\n\t\t\t\t\t\t\t\t<\/div>\n\t\t\t\t\t<\/div>\n\t\t<\/section>\n\t\t\t\t\t\t\t\t\t<\/div>\n\t\t\t<\/div>\n\t\t\t\t\t<\/div>\n\t\t","protected":false},"excerpt":{"rendered":"<p>Desde la Fundaci\u00f3n para el Desarrollo Cafetero y Agropecuario &#8211; FUNDECAF\u00c9, estamos comprometidos con el desarrollo sostenible. Por eso, a trav\u00e9s de la ejecuci\u00f3n de nuestros programas y proyectos de gesti\u00f3n, contribuimos activamente al cumplimiento de nueve (9) Objetivos de Desarrollo Sostenible (ODS) establecidos por la Organizaci\u00f3n de las Naciones [&hellip;]<\/p>\n","protected":false},"author":3,"featured_media":0,"parent":5899,"menu_order":0,"comment_status":"closed","ping_status":"closed","template":"page-templates\/template-pagebuilder-full-width.php","meta":{"footnotes":""},"class_list":["post-5664","page","type-page","status-publish","hentry"],"_links":{"self":[{"href":"https:\/\/www.fundecafe.com\/index.php\/wp-json\/wp\/v2\/pages\/5664","targetHints":{"allow":["GET"]}}],"collection":[{"href":"https:\/\/www.fundecafe.com\/index.php\/wp-json\/wp\/v2\/pages"}],"about":[{"href":"https:\/\/www.fundecafe.com\/index.php\/wp-json\/wp\/v2\/types\/page"}],"author":[{"embeddable":true,"href":"https:\/\/www.fundecafe.com\/index.php\/wp-json\/wp\/v2\/users\/3"}],"replies":[{"embeddable":true,"href":"https:\/\/www.fundecafe.com\/index.php\/wp-json\/wp\/v2\/comments?post=5664"}],"version-history":[{"count":91,"href":"https:\/\/www.fundecafe.com\/index.php\/wp-json\/wp\/v2\/pages\/5664\/revisions"}],"predecessor-version":[{"id":7605,"href":"https:\/\/www.fundecafe.com\/index.php\/wp-json\/wp\/v2\/pages\/5664\/revisions\/7605"}],"up":[{"embeddable":true,"href":"https:\/\/www.fundecafe.com\/index.php\/wp-json\/wp\/v2\/pages\/5899"}],"wp:attachment":[{"href":"https:\/\/www.fundecafe.com\/index.php\/wp-json\/wp\/v2\/media?parent=5664"}],"curies":[{"name":"wp","href":"https:\/\/api.w.org\/{rel}","templated":true}]}}