{"id":6645,"date":"2025-05-22T11:22:35","date_gmt":"2025-05-22T16:22:35","guid":{"rendered":"https:\/\/www.fundecafe.com\/?page_id=6645"},"modified":"2025-06-27T14:34:58","modified_gmt":"2025-06-27T19:34:58","slug":"proteccion-de-datos","status":"publish","type":"page","link":"https:\/\/www.fundecafe.com\/index.php\/la-fundacion\/transparencia-institucional\/proteccion-de-datos\/","title":{"rendered":"Protecci\u00f3n de Datos"},"content":{"rendered":"\t\t<div data-elementor-type=\"wp-page\" data-elementor-id=\"6645\" class=\"elementor elementor-6645\">\n\t\t\t\t\t\t<div class=\"elementor-inner\">\n\t\t\t\t<div class=\"elementor-section-wrap\">\n\t\t\t\t\t\t\t\t\t<section class=\"elementor-section elementor-top-section elementor-element elementor-element-20eecfa elementor-section-content-top elementor-section-stretched elementor-section-full_width elementor-section-height-default elementor-section-height-default\" data-id=\"20eecfa\" data-element_type=\"section\" data-settings=\"{&quot;stretch_section&quot;:&quot;section-stretched&quot;,&quot;background_background&quot;:&quot;gradient&quot;,&quot;shape_divider_bottom&quot;:&quot;mountains&quot;,&quot;animation&quot;:&quot;none&quot;}\">\n\t\t\t\t\t\t\t<div class=\"elementor-background-overlay\"><\/div>\n\t\t\t\t\t\t<div class=\"elementor-shape elementor-shape-bottom\" data-negative=\"false\">\n\t\t\t<svg xmlns=\"http:\/\/www.w3.org\/2000\/svg\" viewBox=\"0 0 1000 100\" preserveAspectRatio=\"none\">\n\t<path class=\"elementor-shape-fill\" opacity=\"0.33\" d=\"M473,67.3c-203.9,88.3-263.1-34-320.3,0C66,119.1,0,59.7,0,59.7V0h1000v59.7 c0,0-62.1,26.1-94.9,29.3c-32.8,3.3-62.8-12.3-75.8-22.1C806,49.6,745.3,8.7,694.9,4.7S492.4,59,473,67.3z\"\/>\n\t<path class=\"elementor-shape-fill\" opacity=\"0.66\" d=\"M734,67.3c-45.5,0-77.2-23.2-129.1-39.1c-28.6-8.7-150.3-10.1-254,39.1 s-91.7-34.4-149.2,0C115.7,118.3,0,39.8,0,39.8V0h1000v36.5c0,0-28.2-18.5-92.1-18.5C810.2,18.1,775.7,67.3,734,67.3z\"\/>\n\t<path class=\"elementor-shape-fill\" d=\"M766.1,28.9c-200-57.5-266,65.5-395.1,19.5C242,1.8,242,5.4,184.8,20.6C128,35.8,132.3,44.9,89.9,52.5C28.6,63.7,0,0,0,0 h1000c0,0-9.9,40.9-83.6,48.1S829.6,47,766.1,28.9z\"\/>\n<\/svg>\t\t<\/div>\n\t\t\t\t\t<div class=\"elementor-container elementor-column-gap-narrow\">\n\t\t\t\t\t\t\t<div class=\"elementor-row\">\n\t\t\t\t\t<div class=\"elementor-column elementor-col-100 elementor-top-column elementor-element elementor-element-8505a63\" data-id=\"8505a63\" data-element_type=\"column\">\n\t\t\t<div class=\"elementor-column-wrap elementor-element-populated\">\n\t\t\t\t\t\t\t<div class=\"elementor-widget-wrap\">\n\t\t\t\t\t\t<div class=\"elementor-element elementor-element-6016438 elementor-widget elementor-widget-heading\" data-id=\"6016438\" data-element_type=\"widget\" data-widget_type=\"heading.default\">\n\t\t\t\t<div class=\"elementor-widget-container\">\n\t\t\t<h2 class=\"elementor-heading-title elementor-size-large\">Transparencia Institucional:<br>Protecci\u00f3n de Datos Personales<\/h2>\t\t<\/div>\n\t\t\t\t<\/div>\n\t\t\t\t\t\t<\/div>\n\t\t\t\t\t<\/div>\n\t\t<\/div>\n\t\t\t\t\t\t\t\t<\/div>\n\t\t\t\t\t<\/div>\n\t\t<\/section>\n\t\t\t\t<section class=\"elementor-section elementor-top-section elementor-element elementor-element-58a838c elementor-section-boxed elementor-section-height-default elementor-section-height-default elementor-invisible\" data-id=\"58a838c\" data-element_type=\"section\" data-settings=\"{&quot;animation&quot;:&quot;bounceIn&quot;}\">\n\t\t\t\t\t\t<div class=\"elementor-container elementor-column-gap-default\">\n\t\t\t\t\t\t\t<div class=\"elementor-row\">\n\t\t\t\t\t<div class=\"elementor-column elementor-col-100 elementor-top-column elementor-element elementor-element-68a70bb\" data-id=\"68a70bb\" data-element_type=\"column\" data-settings=\"{&quot;background_background&quot;:&quot;classic&quot;}\">\n\t\t\t<div class=\"elementor-column-wrap elementor-element-populated\">\n\t\t\t\t\t\t\t<div class=\"elementor-widget-wrap\">\n\t\t\t\t\t\t<div class=\"elementor-element elementor-element-3e7ae81 elementor-widget elementor-widget-heading\" data-id=\"3e7ae81\" data-element_type=\"widget\" data-widget_type=\"heading.default\">\n\t\t\t\t<div class=\"elementor-widget-container\">\n\t\t\t<h4 class=\"elementor-heading-title elementor-size-default\">Acta de compromiso y acuerdo de Protecci\u00f3n de Datos Personales<\/h4>\t\t<\/div>\n\t\t\t\t<\/div>\n\t\t\t\t\t\t<\/div>\n\t\t\t\t\t<\/div>\n\t\t<\/div>\n\t\t\t\t\t\t\t\t<\/div>\n\t\t\t\t\t<\/div>\n\t\t<\/section>\n\t\t\t\t<section class=\"elementor-section elementor-top-section elementor-element elementor-element-adecea1 elementor-section-content-top elementor-section-stretched elementor-section-boxed elementor-section-height-default elementor-section-height-default elementor-invisible\" data-id=\"adecea1\" data-element_type=\"section\" data-settings=\"{&quot;stretch_section&quot;:&quot;section-stretched&quot;,&quot;background_background&quot;:&quot;gradient&quot;,&quot;animation&quot;:&quot;fadeIn&quot;}\">\n\t\t\t\t\t\t\t<div class=\"elementor-background-overlay\"><\/div>\n\t\t\t\t\t\t\t<div class=\"elementor-container elementor-column-gap-no\">\n\t\t\t\t\t\t\t<div class=\"elementor-row\">\n\t\t\t\t\t<div class=\"elementor-column elementor-col-100 elementor-top-column elementor-element elementor-element-e2414bb\" data-id=\"e2414bb\" data-element_type=\"column\">\n\t\t\t<div class=\"elementor-column-wrap elementor-element-populated\">\n\t\t\t\t\t\t\t<div class=\"elementor-widget-wrap\">\n\t\t\t\t\t\t<div class=\"elementor-element elementor-element-f8a86ae elementor-widget elementor-widget-spacer\" data-id=\"f8a86ae\" data-element_type=\"widget\" data-widget_type=\"spacer.default\">\n\t\t\t\t<div class=\"elementor-widget-container\">\n\t\t\t\t\t<div class=\"elementor-spacer\">\n\t\t\t<div class=\"elementor-spacer-inner\"><\/div>\n\t\t<\/div>\n\t\t\t\t<\/div>\n\t\t\t\t<\/div>\n\t\t\t\t<div class=\"elementor-element elementor-element-477703c elementor-widget elementor-widget-text-editor\" data-id=\"477703c\" data-element_type=\"widget\" data-widget_type=\"text-editor.default\">\n\t\t\t\t<div class=\"elementor-widget-container\">\n\t\t\t\t\t\t\t\t<div class=\"elementor-text-editor elementor-clearfix\">\n\t\t\t\t<h6>FUNDECAFE, garantizando el cumplimiento de lo establecido en el Decreto 1377 de 2013, reglamentario de la Ley 1581 de 2012, ley 1266 de 2008 que regula el Habeas Data y dem\u00e1s normas concordantes en el desarrollo de sus actividades y cumplimiento de sus objetivos y proyectos a nivel p\u00fablico y\/o privado, nacional o internacional debe garantizar los derechos de todas aquellas personas que tengan v\u00ednculo comercial y\/o contractual al recolectar datos, guardar bases de datos e informaci\u00f3n de sus afiliados y \/o clientes y\/o personas naturales y\/o jur\u00eddicas conforme a la ley Colombiana.<\/h6>\t\t\t\t\t<\/div>\n\t\t\t\t\t\t<\/div>\n\t\t\t\t<\/div>\n\t\t\t\t<div class=\"elementor-element elementor-element-3074d6e elementor-view-framed elementor-shape-circle elementor-widget elementor-widget-icon\" data-id=\"3074d6e\" data-element_type=\"widget\" data-widget_type=\"icon.default\">\n\t\t\t\t<div class=\"elementor-widget-container\">\n\t\t\t\t\t<div class=\"elementor-icon-wrapper\">\n\t\t\t<a class=\"elementor-icon elementor-animation-grow\" href=\"https:\/\/www.fundecafe.com\/wp-content\/uploads\/2025\/04\/ACUERDO_PROTECCION_DE_DATOS_FUNDECAFE.pdf\" target=\"_blank\">\n\t\t\t<i aria-hidden=\"true\" class=\"fab fa-readme\"><\/i>\t\t\t<\/a>\n\t\t<\/div>\n\t\t\t\t<\/div>\n\t\t\t\t<\/div>\n\t\t\t\t<div class=\"elementor-element elementor-element-6f275bc elementor-align-center elementor-widget elementor-widget-button\" data-id=\"6f275bc\" data-element_type=\"widget\" data-widget_type=\"button.default\">\n\t\t\t\t<div class=\"elementor-widget-container\">\n\t\t\t\t\t<div class=\"elementor-button-wrapper\">\n\t\t\t<a href=\"https:\/\/www.fundecafe.com\/wp-content\/uploads\/2025\/04\/ACUERDO_PROTECCION_DE_DATOS_FUNDECAFE.pdf\" target=\"_blank\" class=\"elementor-button-link elementor-button elementor-size-xs elementor-animation-grow\" role=\"button\">\n\t\t\t\t\t\t<span class=\"elementor-button-content-wrapper\">\n\t\t\t\t\t\t\t<span class=\"elementor-button-icon elementor-align-icon-right\">\n\t\t\t\t<i aria-hidden=\"true\" class=\"fas fa-angle-right\"><\/i>\t\t\t<\/span>\n\t\t\t\t\t\t<span class=\"elementor-button-text\">Ver documento<\/span>\n\t\t<\/span>\n\t\t\t\t\t<\/a>\n\t\t<\/div>\n\t\t\t\t<\/div>\n\t\t\t\t<\/div>\n\t\t\t\t<div class=\"elementor-element elementor-element-f684801 elementor-widget elementor-widget-text-editor\" data-id=\"f684801\" data-element_type=\"widget\" data-widget_type=\"text-editor.default\">\n\t\t\t\t<div class=\"elementor-widget-container\">\n\t\t\t\t\t\t\t\t<div class=\"elementor-text-editor elementor-clearfix\">\n\t\t\t\t<h6 data-start=\"119\" data-end=\"164\"><strong>Acuerdo de Protecci\u00f3n de Datos Personales<\/strong><\/h6><h6>En la <strong data-start=\"172\" data-end=\"240\">Fundaci\u00f3n para el Desarrollo Cafetero y Agropecuario \u2013 FUNDECAF\u00c9<\/strong>, estamos comprometidos con la protecci\u00f3n de los datos personales de nuestros beneficiarios, aliados, colaboradores y dem\u00e1s grupos de inter\u00e9s. <span class=\"relative -mx-px my-[-0.2rem] rounded px-px py-[0.2rem] transition-colors duration-100 ease-in-out\">Cumplimos con lo establecido en las normativas colombianas relacionadas con el tratamiento de datos personales. <\/span><span class=\"relative -mx-px my-[-0.2rem] rounded px-px py-[0.2rem] transition-colors duration-100 ease-in-out\">Los datos personales recolectados son utilizados exclusivamente para:<\/span><\/h6><ul data-start=\"581\" data-end=\"787\"><li data-start=\"581\" data-end=\"622\"><h6><span class=\"relative -mx-px my-[-0.2rem] rounded px-px py-[0.2rem] transition-colors duration-100 ease-in-out\">El desarrollo de nuestros programas y proyectos agropecuarios.<\/span><\/h6><\/li><li data-start=\"581\" data-end=\"622\"><h6><span class=\"relative -mx-px my-[-0.2rem] rounded px-px py-[0.2rem] transition-colors duration-100 ease-in-out\"><\/span><span class=\"relative -mx-px my-[-0.2rem] rounded px-px py-[0.2rem] transition-colors duration-100 ease-in-out\">La gesti\u00f3n administrativa y operativa de la Fundaci\u00f3n.<\/span><\/h6><\/li><li data-start=\"665\" data-end=\"706\"><h6><span class=\"relative -mx-px my-[-0.2rem] rounded px-px py-[0.2rem] transition-colors duration-100 ease-in-out\">El cumplimiento de obligaciones legales y contractuales.<\/span><\/h6><\/li><li data-start=\"707\" data-end=\"787\"><h6><span class=\"relative -mx-px my-[-0.2rem] rounded px-px py-[0.2rem] transition-colors duration-100 ease-in-out\">La comunicaci\u00f3n de informaci\u00f3n relevante sobre nuestras actividades.<\/span><\/h6><\/li><\/ul><h6><span class=\"relative -mx-px my-[-0.2rem] rounded px-px py-[0.2rem] transition-colors duration-100 ease-in-out\">Los titulares de los datos personales tienen derecho a:<\/span><\/h6><ul data-start=\"900\" data-end=\"1106\"><li data-start=\"900\" data-end=\"941\"><h6><span class=\"relative -mx-px my-[-0.2rem] rounded px-px py-[0.2rem] transition-colors duration-100 ease-in-out\">Conocer, actualizar y rectificar sus datos personales.<\/span><\/h6><\/li><li data-start=\"942\" data-end=\"983\"><h6><span class=\"relative -mx-px my-[-0.2rem] rounded px-px py-[0.2rem] transition-colors duration-100 ease-in-out\">Solicitar la supresi\u00f3n de sus datos cuando consideren que no est\u00e1n siendo tratados conforme a los principios, deberes y obligaciones previstas en la ley.<\/span><\/h6><\/li><li data-start=\"984\" data-end=\"1025\"><h6><span class=\"relative -mx-px my-[-0.2rem] rounded px-px py-[0.2rem] transition-colors duration-100 ease-in-out\">Revocar la autorizaci\u00f3n otorgada para el tratamiento de sus datos.<\/span><\/h6><\/li><li data-start=\"1026\" data-end=\"1106\"><h6><span class=\"relative -mx-px my-[-0.2rem] rounded px-px py-[0.2rem] transition-colors duration-100 ease-in-out\">Presentar quejas ante la Superintendencia de Industria y Comercio por infracciones a lo dispuesto en la ley.<\/span><span class=\"relative -mx-px my-[-0.2rem] rounded px-px py-[0.2rem] transition-colors duration-100 ease-in-out\"><\/span><\/h6><\/li><\/ul><h6 data-start=\"1214\" data-end=\"1226\"><strong>Contacto<\/strong><\/h6><h6>Para ejercer sus derechos o para cualquier consulta relacionada con el tratamiento de sus datos personales, puede contactarnos a trav\u00e9s de:<\/h6><ul data-start=\"1369\" data-end=\"1586\"><li data-start=\"1369\" data-end=\"1434\"><h6><strong data-start=\"1371\" data-end=\"1393\">Correo electr\u00f3nico<\/strong>: <span class=\"relative -mx-px my-[-0.2rem] rounded px-px py-[0.2rem] transition-colors duration-100 ease-in-out\">asistente@fundecafe.org<\/span><\/h6><\/li><li data-start=\"1435\" data-end=\"1490\"><h6><strong data-start=\"1437\" data-end=\"1449\">Tel\u00e9fono<\/strong>: <span class=\"relative -mx-px my-[-0.2rem] rounded px-px py-[0.2rem] transition-colors duration-100 ease-in-out\">(+57) 318 612844 Ext. 151<\/span><\/h6><\/li><li data-start=\"1491\" data-end=\"1586\"><h6><strong data-start=\"1493\" data-end=\"1506\">Direcci\u00f3n<\/strong>: <span class=\"relative -mx-px my-[-0.2rem] rounded px-px py-[0.2rem] transition-colors duration-100 ease-in-out\">Cra. 12 # 2 &#8211; 55, C.C. El Molino, Garz\u00f3n, Huila<\/span><\/h6><\/li><\/ul>\t\t\t\t\t<\/div>\n\t\t\t\t\t\t<\/div>\n\t\t\t\t<\/div>\n\t\t\t\t<div class=\"elementor-element elementor-element-1327443 elementor-widget elementor-widget-spacer\" data-id=\"1327443\" data-element_type=\"widget\" data-widget_type=\"spacer.default\">\n\t\t\t\t<div class=\"elementor-widget-container\">\n\t\t\t\t\t<div class=\"elementor-spacer\">\n\t\t\t<div class=\"elementor-spacer-inner\"><\/div>\n\t\t<\/div>\n\t\t\t\t<\/div>\n\t\t\t\t<\/div>\n\t\t\t\t\t\t<\/div>\n\t\t\t\t\t<\/div>\n\t\t<\/div>\n\t\t\t\t\t\t\t\t<\/div>\n\t\t\t\t\t<\/div>\n\t\t<\/section>\n\t\t\t\t\t\t\t\t\t<\/div>\n\t\t\t<\/div>\n\t\t\t\t\t<\/div>\n\t\t","protected":false},"excerpt":{"rendered":"<p>Transparencia Institucional:Protecci\u00f3n de Datos Personales Acta de compromiso y acuerdo de Protecci\u00f3n de Datos Personales FUNDECAFE, garantizando el cumplimiento de lo establecido en el Decreto 1377 de 2013, reglamentario de la Ley 1581 de 2012, ley 1266 de 2008 que regula el Habeas Data y dem\u00e1s normas concordantes en el [&hellip;]<\/p>\n","protected":false},"author":3,"featured_media":0,"parent":8041,"menu_order":0,"comment_status":"closed","ping_status":"closed","template":"page-templates\/template-pagebuilder-full-width.php","meta":{"footnotes":""},"class_list":["post-6645","page","type-page","status-publish","hentry"],"_links":{"self":[{"href":"https:\/\/www.fundecafe.com\/index.php\/wp-json\/wp\/v2\/pages\/6645","targetHints":{"allow":["GET"]}}],"collection":[{"href":"https:\/\/www.fundecafe.com\/index.php\/wp-json\/wp\/v2\/pages"}],"about":[{"href":"https:\/\/www.fundecafe.com\/index.php\/wp-json\/wp\/v2\/types\/page"}],"author":[{"embeddable":true,"href":"https:\/\/www.fundecafe.com\/index.php\/wp-json\/wp\/v2\/users\/3"}],"replies":[{"embeddable":true,"href":"https:\/\/www.fundecafe.com\/index.php\/wp-json\/wp\/v2\/comments?post=6645"}],"version-history":[{"count":82,"href":"https:\/\/www.fundecafe.com\/index.php\/wp-json\/wp\/v2\/pages\/6645\/revisions"}],"predecessor-version":[{"id":8065,"href":"https:\/\/www.fundecafe.com\/index.php\/wp-json\/wp\/v2\/pages\/6645\/revisions\/8065"}],"up":[{"embeddable":true,"href":"https:\/\/www.fundecafe.com\/index.php\/wp-json\/wp\/v2\/pages\/8041"}],"wp:attachment":[{"href":"https:\/\/www.fundecafe.com\/index.php\/wp-json\/wp\/v2\/media?parent=6645"}],"curies":[{"name":"wp","href":"https:\/\/api.w.org\/{rel}","templated":true}]}}